{"id":1134,"date":"2020-08-23T11:17:44","date_gmt":"2020-08-23T09:17:44","guid":{"rendered":"https:\/\/mesg.ch\/?page_id=1134"},"modified":"2020-08-25T15:07:56","modified_gmt":"2020-08-25T13:07:56","slug":"culture-transformation","status":"publish","type":"page","link":"https:\/\/mesg.ch\/en\/culture-transformation\/","title":{"rendered":"Culture &#038; Transformation"},"content":{"rendered":"<p><div class=\"fusion-fullwidth fullwidth-box fusion-builder-row-1 nonhundred-percent-fullwidth non-hundred-percent-height-scrolling\" style=\"--awb-border-radius-top-left:0px;--awb-border-radius-top-right:0px;--awb-border-radius-bottom-right:0px;--awb-border-radius-bottom-left:0px;--awb-padding-bottom:0px;--awb-flex-wrap:wrap;\" ><div class=\"fusion-builder-row fusion-row\"><div class=\"fusion-layout-column fusion_builder_column fusion-builder-column-0 fusion_builder_column_3_4 3_4 fusion-three-fourth fusion-column-first\" style=\"--awb-bg-size:cover;width:75%;width:calc(75% - ( ( 4% ) * 0.75 ) );margin-right: 4%;\"><div class=\"fusion-column-wrapper fusion-column-has-shadow fusion-flex-column-wrapper-legacy\"><div class=\"fusion-title title fusion-title-1 fusion-sep-none fusion-title-text fusion-title-size-two\" style=\"--awb-margin-top-small:10px;--awb-margin-right-small:0px;--awb-margin-bottom-small:10px;--awb-margin-left-small:0px;\"><h2 class=\"fusion-title-heading title-heading-left fusion-responsive-typography-calculated\" style=\"margin:0;--fontSize:28;line-height:1.3;\">Driving Change &#8211; Organizational Culture<\/h2><\/div><div class=\"fusion-clearfix\"><\/div><\/div><\/div><div class=\"fusion-layout-column fusion_builder_column fusion-builder-column-1 fusion_builder_column_1_4 1_4 fusion-one-fourth fusion-column-last\" style=\"--awb-bg-size:cover;width:25%;width:calc(25% - ( ( 4% ) * 0.25 ) );\"><div class=\"fusion-column-wrapper fusion-column-has-shadow fusion-flex-column-wrapper-legacy\"><div class=\"fusion-image-element fusion-image-align-right in-legacy-container\" style=\"text-align:right;--awb-max-width:60px;--awb-caption-title-font-family:var(--h2_typography-font-family);--awb-caption-title-font-weight:var(--h2_typography-font-weight);--awb-caption-title-font-style:var(--h2_typography-font-style);--awb-caption-title-size:var(--h2_typography-font-size);--awb-caption-title-transform:var(--h2_typography-text-transform);--awb-caption-title-line-height:var(--h2_typography-line-height);--awb-caption-title-letter-spacing:var(--h2_typography-letter-spacing);\"><span class=\" fusion-imageframe imageframe-none imageframe-1 hover-type-none\" style=\"margin-left:25px;float:right;\"><img decoding=\"async\" width=\"622\" height=\"636\" title=\"mesg-kultur-transformation-icon\" src=\"https:\/\/mesg.ch\/wp-content\/uploads\/2020\/07\/mesg-kultur-transformation-icon.png\" data-orig-src=\"https:\/\/mesg.ch\/wp-content\/uploads\/2020\/07\/mesg-kultur-transformation-icon.png\" alt class=\"lazyload img-responsive wp-image-909\" srcset=\"data:image\/svg+xml,%3Csvg%20xmlns%3D%27http%3A%2F%2Fwww.w3.org%2F2000%2Fsvg%27%20width%3D%27622%27%20height%3D%27636%27%20viewBox%3D%270%200%20622%20636%27%3E%3Crect%20width%3D%27622%27%20height%3D%27636%27%20fill-opacity%3D%220%22%2F%3E%3C%2Fsvg%3E\" data-srcset=\"https:\/\/mesg.ch\/wp-content\/uploads\/2020\/07\/mesg-kultur-transformation-icon-200x205.png 200w, https:\/\/mesg.ch\/wp-content\/uploads\/2020\/07\/mesg-kultur-transformation-icon-400x409.png 400w, https:\/\/mesg.ch\/wp-content\/uploads\/2020\/07\/mesg-kultur-transformation-icon-600x614.png 600w, https:\/\/mesg.ch\/wp-content\/uploads\/2020\/07\/mesg-kultur-transformation-icon.png 622w\" data-sizes=\"auto\" data-orig-sizes=\"(max-width: 1000px) 100vw, 400px\" \/><\/span><\/div><div class=\"fusion-clearfix\"><\/div><\/div><\/div><\/div><\/div><div class=\"fusion-fullwidth fullwidth-box fusion-builder-row-2 nonhundred-percent-fullwidth non-hundred-percent-height-scrolling\" style=\"--awb-border-radius-top-left:0px;--awb-border-radius-top-right:0px;--awb-border-radius-bottom-right:0px;--awb-border-radius-bottom-left:0px;--awb-padding-top:0px;--awb-flex-wrap:wrap;\" ><div class=\"fusion-builder-row fusion-row\"><div class=\"fusion-layout-column fusion_builder_column fusion-builder-column-2 fusion_builder_column_1_2 1_2 fusion-one-half fusion-column-first\" style=\"--awb-bg-size:cover;width:50%;width:calc(50% - ( ( 4% ) * 0.5 ) );margin-right: 4%;\"><div class=\"fusion-column-wrapper fusion-column-has-shadow fusion-flex-column-wrapper-legacy\"><div class=\"fusion-text fusion-text-1\"><p><em>Putting people at the centre of change\u00a0<\/em><\/p>\n<p><span data-contrast=\"auto\">In our competitive markets, where it is becoming increasingly difficult to differentiate oneself through products and services, culture plays a crucial role. A strong corporate culture is <\/span><span data-contrast=\"auto\">expressed<\/span><span data-contrast=\"auto\"> externally in <\/span><span data-contrast=\"auto\">the way customers are dealt with<\/span><span data-contrast=\"auto\">. Culture is also an essential cost factor<\/span> <span data-contrast=\"auto\">because <\/span><span data-contrast=\"auto\">in every organization<\/span><span data-contrast=\"auto\">,<\/span> <span data-contrast=\"auto\">good <\/span><span data-contrast=\"auto\">leadership<\/span><span data-contrast=\"auto\"> and constructive cooperation increase efficiency and reduce internal friction<\/span><span data-contrast=\"auto\">.<\/span><span data-ccp-props=\"\">\u00a0<\/span><\/p>\n<p><span data-contrast=\"auto\">We support and accompany <\/span><span data-contrast=\"auto\">whole organizations<\/span><span data-contrast=\"auto\">, teams and the <\/span><span data-contrast=\"auto\">individual leaders<\/span><span data-contrast=\"auto\"> involved in important transformation projects <\/span><span data-contrast=\"auto\">in<\/span><span data-contrast=\"auto\">cluding<\/span><span data-contrast=\"auto\"> reorganization, company mergers or strategy implementation. Together we create roadmaps for change, effective communication concepts and workshop formats, which<\/span> <span data-contrast=\"auto\">move your workforce forwards<\/span><span data-contrast=\"auto\">. We help you to build the necessary skills and to <\/span><span data-contrast=\"auto\">design and <\/span><span data-contrast=\"auto\">guide successful change projects.<\/span><\/p>\n<\/div><div class=\"fusion-clearfix\"><\/div><\/div><\/div><div class=\"fusion-layout-column fusion_builder_column fusion-builder-column-3 fusion_builder_column_1_2 1_2 fusion-one-half fusion-column-last fusion-animated\" style=\"--awb-bg-position:center center;--awb-bg-size:cover;width:50%;width:calc(50% - ( ( 4% ) * 0.5 ) );\" data-animationType=\"slideInRight\" data-animationDuration=\"0.6\" data-animationOffset=\"top-into-view\"><div class=\"fusion-column-wrapper fusion-column-has-shadow fusion-flex-column-wrapper-legacy\"><div class=\"fusion-title title fusion-title-2 fusion-sep-none fusion-title-text fusion-title-size-three\" style=\"--awb-margin-top:0px;--awb-margin-top-small:10px;--awb-margin-right-small:0px;--awb-margin-bottom-small:10px;--awb-margin-left-small:0px;\"><h3 class=\"fusion-title-heading title-heading-left fusion-responsive-typography-calculated\" style=\"margin:0;--fontSize:24;line-height:1.4;\">How we help<\/h3><\/div><ul style=\"--awb-line-height:27.2px;--awb-icon-width:27.2px;--awb-icon-height:27.2px;--awb-icon-margin:11.2px;--awb-content-margin:38.4px;\" class=\"fusion-checklist fusion-checklist-1 fusion-checklist-default type-icons\"><li class=\"fusion-li-item\" style=\"\"><span class=\"icon-wrapper circle-no\"><i class=\"fusion-li-icon fa-angle-right fas\" aria-hidden=\"true\"><\/i><\/span><div class=\"fusion-li-item-content\">\n<p><span data-contrast=\"auto\">Assessment<\/span><span data-contrast=\"auto\"> of the essential requirements for the implementation of your change projects.<\/span><span data-ccp-props=\"{\">\u00a0<\/span><\/p>\n<\/div><\/li><li class=\"fusion-li-item\" style=\"\"><span class=\"icon-wrapper circle-no\"><i class=\"fusion-li-icon fa-angle-right fas\" aria-hidden=\"true\"><\/i><\/span><div class=\"fusion-li-item-content\">\n<p><span data-contrast=\"auto\">Establish<\/span><span data-contrast=\"auto\">ing<\/span><span data-contrast=\"auto\"> a binding change roadmap and empower<\/span><span data-contrast=\"auto\">ing<\/span><span data-contrast=\"auto\"> change agents to actively support the change process.<\/span><span data-ccp-props=\"{\">\u00a0<\/span><\/p>\n<\/div><\/li><li class=\"fusion-li-item\" style=\"\"><span class=\"icon-wrapper circle-no\"><i class=\"fusion-li-icon fa-angle-right fas\" aria-hidden=\"true\"><\/i><\/span><div class=\"fusion-li-item-content\">\n<p><span data-contrast=\"auto\">Reviewing and strengthening the &#8220;<\/span><span data-contrast=\"auto\">changeability<\/span><span data-contrast=\"auto\">&#8221; of managers and key employees.<\/span><span data-ccp-props=\"{\">\u00a0<\/span><\/p>\n<\/div><\/li><li class=\"fusion-li-item\" style=\"\"><span class=\"icon-wrapper circle-no\"><i class=\"fusion-li-icon fa-angle-right fas\" aria-hidden=\"true\"><\/i><\/span><div class=\"fusion-li-item-content\">\n<p><span class=\"TextRun SCXW129618232 BCX2\" lang=\"EN-GB\" xml:lang=\"EN-GB\" data-contrast=\"auto\"><span class=\"NormalTextRun SCXW129618232 BCX2\">Set<\/span><\/span><span class=\"TextRun SCXW129618232 BCX2\" lang=\"EN-GB\" xml:lang=\"EN-GB\" data-contrast=\"auto\"><span class=\"NormalTextRun SCXW129618232 BCX2\">ting<\/span><\/span><span class=\"TextRun SCXW129618232 BCX2\" lang=\"EN-GB\" xml:lang=\"EN-GB\" data-contrast=\"auto\"><span class=\"NormalTextRun SCXW129618232 BCX2\"> up effective change monitoring using <\/span><\/span><span class=\"TextRun SCXW129618232 BCX2\" lang=\"EN-GB\" xml:lang=\"EN-GB\" data-contrast=\"auto\"><span class=\"NormalTextRun SCXW129618232 BCX2\">state-of-the-art <\/span><\/span><span class=\"TextRun SCXW129618232 BCX2\" lang=\"EN-GB\" xml:lang=\"EN-GB\" data-contrast=\"auto\"><span class=\"NormalTextRun SCXW129618232 BCX2\">digital tools.<\/span><\/span><\/p>\n<\/div><\/li><li class=\"fusion-li-item\" style=\"\"><span class=\"icon-wrapper circle-no\"><i class=\"fusion-li-icon fa-angle-right fas\" aria-hidden=\"true\"><\/i><\/span><div class=\"fusion-li-item-content\">\n<p><span data-contrast=\"auto\">Culture development using proven tools and concepts (e.g. Grey2green, <\/span><span data-contrast=\"auto\">Persolog<\/span><span data-contrast=\"auto\">,<\/span><span data-contrast=\"auto\"> EnergyFa<\/span><span data-contrast=\"auto\">c<\/span><span data-contrast=\"auto\">tors).<\/span><span data-ccp-props=\"{\">\u00a0<\/span><\/p>\n<\/div><\/li><\/ul><div class=\"fusion-clearfix\"><\/div><\/div><\/div><\/div><\/div><div class=\"fusion-fullwidth fullwidth-box fusion-builder-row-3 nonhundred-percent-fullwidth non-hundred-percent-height-scrolling themen\" style=\"--awb-border-radius-top-left:0px;--awb-border-radius-top-right:0px;--awb-border-radius-bottom-right:0px;--awb-border-radius-bottom-left:0px;--awb-background-color:#f7f7f7;--awb-flex-wrap:wrap;\" ><div class=\"fusion-builder-row fusion-row\"><div class=\"fusion-layout-column fusion_builder_column fusion-builder-column-4 fusion_builder_column_1_1 1_1 fusion-one-full fusion-column-first fusion-column-last\" style=\"--awb-bg-size:cover;\"><div class=\"fusion-column-wrapper fusion-column-has-shadow fusion-flex-column-wrapper-legacy\"><div class=\"fusion-title title fusion-title-3 fusion-sep-none fusion-title-text fusion-title-size-two\" style=\"--awb-margin-top:0px;--awb-margin-top-small:10px;--awb-margin-right-small:0px;--awb-margin-bottom-small:10px;--awb-margin-left-small:0px;\"><h2 class=\"fusion-title-heading title-heading-left fusion-responsive-typography-calculated\" style=\"margin:0;--fontSize:28;line-height:1.3;\">We can also help you with<\/h2><\/div><div class=\"fusion-clearfix\"><\/div><\/div><\/div><div class=\"fusion-layout-column fusion_builder_column fusion-builder-column-5 fusion_builder_column_1_4 1_4 fusion-one-fourth fusion-column-first\" style=\"--awb-bg-size:cover;width:25%;width:calc(25% - ( ( 4% + 4% + 4% ) * 0.25 ) );margin-right: 4%;\"><div class=\"fusion-column-wrapper fusion-column-has-shadow fusion-flex-column-wrapper-legacy\"><div class=\"jag-himg-wrapper PuPAegjYGY \">\t<div class=\"jag-hoverimage-card jag-himg-hover jag-himg-s1 \" onclick=\"\">\n\t\t\n\t\t\t\t\t<a class=\"jag-wrapper-link\" href=https:\/\/mesg.ch\/en\/vision-purpose\/%20\u200e>\n\t\t\t\t\t\t<img decoding=\"async\" src=\"data:image\/svg+xml,%3Csvg%20xmlns%3D%27http%3A%2F%2Fwww.w3.org%2F2000%2Fsvg%27%20width%3D%27622%27%20height%3D%27636%27%20viewBox%3D%270%200%20622%20636%27%3E%3Crect%20width%3D%27622%27%20height%3D%27636%27%20fill-opacity%3D%220%22%2F%3E%3C%2Fsvg%3E\" data-orig-src=\"https:\/\/mesg.ch\/wp-content\/uploads\/2020\/07\/mesg-vision-zweck-icon.png\" class=\"lazyload jag_fimg_main\">\n\t\t\t\n            \n\t\t\t<div class=\"jag-hoverimage-overlay\"><\/div>\n\t\t\t\n\t\t\t\t\t\t\n\t\t\t<div class=\"jag-hover-content-wrapper\">\n\t\t\t\t<div class=\"jag-hoverimage-content jag-align-center jag-align-middle\">\n\t\t\t\t\t\t\t\t\t\t\t\t<div class=\"clearfix\"><\/div>\n\t\t\t\t\t\t\t<div class=\"jag-hoverimage-short-desc\">\n\t\t\t\t\t\t\t\t\n<p>Vision<\/p>\n<p>&amp;<\/p>\n<p>Purpose<\/p>\n\t\t\t\t\t\t\t<\/div>\n\t\t\t\t\t\t\t\t\t\t<\/div>\n\t\t\t<\/div>\n\t\t\t\t\t<\/a>\n\t\t\t<\/div>\n\t<\/div><div class=\"fusion-clearfix\"><\/div><\/div><\/div><div class=\"fusion-layout-column fusion_builder_column fusion-builder-column-6 fusion_builder_column_1_4 1_4 fusion-one-fourth\" style=\"--awb-bg-size:cover;width:25%;width:calc(25% - ( ( 4% + 4% + 4% ) * 0.25 ) );margin-right: 4%;\"><div class=\"fusion-column-wrapper fusion-column-has-shadow fusion-flex-column-wrapper-legacy\"><div class=\"jag-himg-wrapper BhBvAJwGGO \">\t<div class=\"jag-hoverimage-card jag-himg-hover jag-himg-s1 \" onclick=\"\">\n\t\t\n\t\t\t\t\t<a class=\"jag-wrapper-link\" href=https:\/\/mesg.ch\/en\/strategy-business-model\/>\n\t\t\t\t\t\t<img decoding=\"async\" src=\"data:image\/svg+xml,%3Csvg%20xmlns%3D%27http%3A%2F%2Fwww.w3.org%2F2000%2Fsvg%27%20width%3D%27637%27%20height%3D%27636%27%20viewBox%3D%270%200%20637%20636%27%3E%3Crect%20width%3D%27637%27%20height%3D%27636%27%20fill-opacity%3D%220%22%2F%3E%3C%2Fsvg%3E\" data-orig-src=\"https:\/\/mesg.ch\/wp-content\/uploads\/2020\/07\/mesg-strategie-geschaeftsmodell-icon.png\" class=\"lazyload jag_fimg_main\">\n\t\t\t\n            \n\t\t\t<div class=\"jag-hoverimage-overlay\"><\/div>\n\t\t\t\n\t\t\t\t\t\t\n\t\t\t<div class=\"jag-hover-content-wrapper\">\n\t\t\t\t<div class=\"jag-hoverimage-content jag-align-center jag-align-middle\">\n\t\t\t\t\t\t\t\t\t\t\t\t<div class=\"clearfix\"><\/div>\n\t\t\t\t\t\t\t<div class=\"jag-hoverimage-short-desc\">\n\t\t\t\t\t\t\t\t\n<p>Strategy<br \/>\n&amp;<br \/>\nBusiness Model<\/p>\n\t\t\t\t\t\t\t<\/div>\n\t\t\t\t\t\t\t\t\t\t<\/div>\n\t\t\t<\/div>\n\t\t\t\t\t<\/a>\n\t\t\t<\/div>\n\t<\/div><div class=\"fusion-clearfix\"><\/div><\/div><\/div><div class=\"fusion-layout-column fusion_builder_column fusion-builder-column-7 fusion_builder_column_1_4 1_4 fusion-one-fourth\" style=\"--awb-bg-size:cover;width:25%;width:calc(25% - ( ( 4% + 4% + 4% ) * 0.25 ) );margin-right: 4%;\"><div class=\"fusion-column-wrapper fusion-column-has-shadow fusion-flex-column-wrapper-legacy\"><div class=\"jag-himg-wrapper btusAFaxGp \">\t<div class=\"jag-hoverimage-card jag-himg-hover jag-himg-s1 \" onclick=\"\">\n\t\t\n\t\t\t\t\t<a class=\"jag-wrapper-link\" href=https:\/\/mesg.ch\/en\/structure-organisation\/>\n\t\t\t\t\t\t<img decoding=\"async\" src=\"data:image\/svg+xml,%3Csvg%20xmlns%3D%27http%3A%2F%2Fwww.w3.org%2F2000%2Fsvg%27%20width%3D%27636%27%20height%3D%27637%27%20viewBox%3D%270%200%20636%20637%27%3E%3Crect%20width%3D%27636%27%20height%3D%27637%27%20fill-opacity%3D%220%22%2F%3E%3C%2Fsvg%3E\" data-orig-src=\"https:\/\/mesg.ch\/wp-content\/uploads\/2020\/07\/mesg-struktur-organisation-icon.png\" class=\"lazyload jag_fimg_main\">\n\t\t\t\n            \n\t\t\t<div class=\"jag-hoverimage-overlay\"><\/div>\n\t\t\t\n\t\t\t\t\t\t\n\t\t\t<div class=\"jag-hover-content-wrapper\">\n\t\t\t\t<div class=\"jag-hoverimage-content jag-align-center jag-align-middle\">\n\t\t\t\t\t\t\t\t\t\t\t\t<div class=\"clearfix\"><\/div>\n\t\t\t\t\t\t\t<div class=\"jag-hoverimage-short-desc\">\n\t\t\t\t\t\t\t\t\n<p>Structure<br \/>\n&amp;<br \/>\nOrganisation<\/p>\n\t\t\t\t\t\t\t<\/div>\n\t\t\t\t\t\t\t\t\t\t<\/div>\n\t\t\t<\/div>\n\t\t\t\t\t<\/a>\n\t\t\t<\/div>\n\t<\/div><div class=\"fusion-clearfix\"><\/div><\/div><\/div><div class=\"fusion-layout-column fusion_builder_column fusion-builder-column-8 fusion_builder_column_1_4 1_4 fusion-one-fourth fusion-column-last\" style=\"--awb-bg-size:cover;width:25%;width:calc(25% - ( ( 4% + 4% + 4% ) * 0.25 ) );\"><div class=\"fusion-column-wrapper fusion-column-has-shadow fusion-flex-column-wrapper-legacy\"><div class=\"jag-himg-wrapper ZsSCWldAvj \">\t<div class=\"jag-hoverimage-card jag-himg-hover jag-himg-s1 \" onclick=\"\">\n\t\t\n\t\t\t\t\t<a class=\"jag-wrapper-link\" href=https:\/\/mesg.ch\/en\/leadership-governance\/>\n\t\t\t\t\t\t<img decoding=\"async\" src=\"data:image\/svg+xml,%3Csvg%20xmlns%3D%27http%3A%2F%2Fwww.w3.org%2F2000%2Fsvg%27%20width%3D%27636%27%20height%3D%27636%27%20viewBox%3D%270%200%20636%20636%27%3E%3Crect%20width%3D%27636%27%20height%3D%27636%27%20fill-opacity%3D%220%22%2F%3E%3C%2Fsvg%3E\" data-orig-src=\"https:\/\/mesg.ch\/wp-content\/uploads\/2020\/07\/mesg-leadership-governance-icon.png\" class=\"lazyload jag_fimg_main\">\n\t\t\t\n            \n\t\t\t<div class=\"jag-hoverimage-overlay\"><\/div>\n\t\t\t\n\t\t\t\t\t\t\n\t\t\t<div class=\"jag-hover-content-wrapper\">\n\t\t\t\t<div class=\"jag-hoverimage-content jag-align-center jag-align-middle\">\n\t\t\t\t\t\t\t\t\t\t\t\t<div class=\"clearfix\"><\/div>\n\t\t\t\t\t\t\t<div class=\"jag-hoverimage-short-desc\">\n\t\t\t\t\t\t\t\t\n<p>Leadership<br \/>\n&amp;<br \/>\nGovernance<\/p>\n\t\t\t\t\t\t\t<\/div>\n\t\t\t\t\t\t\t\t\t\t<\/div>\n\t\t\t<\/div>\n\t\t\t\t\t<\/a>\n\t\t\t<\/div>\n\t<\/div><div class=\"fusion-clearfix\"><\/div><\/div><\/div><\/div><\/div><\/p>\n","protected":false},"excerpt":{"rendered":"","protected":false},"author":3,"featured_media":0,"parent":0,"menu_order":0,"comment_status":"closed","ping_status":"closed","template":"100-width.php","meta":{"footnotes":""},"class_list":["post-1134","page","type-page","status-publish","hentry"],"yoast_head":"<!-- This site is optimized with the Yoast SEO plugin v27.2 - https:\/\/yoast.com\/product\/yoast-seo-wordpress\/ -->\n<title>Culture &amp; Transformation - MESG<\/title>\n<meta name=\"description\" content=\"MESG = Management Experts St. Gallen. Dies steht f\u00fcr einen Verbund von unabh\u00e4ngigen, erfolgreichen Beratern, Trainern und Coaches f\u00fcr Management-Themen.\" \/>\n<meta name=\"robots\" content=\"index, follow, max-snippet:-1, max-image-preview:large, max-video-preview:-1\" \/>\n<link rel=\"canonical\" href=\"https:\/\/mesg.ch\/en\/culture-transformation\/\" \/>\n<meta property=\"og:locale\" content=\"en_US\" \/>\n<meta property=\"og:type\" content=\"article\" \/>\n<meta property=\"og:title\" content=\"Culture &amp; Transformation - MESG\" \/>\n<meta property=\"og:description\" content=\"MESG = Management Experts St. Gallen. Dies steht f\u00fcr einen Verbund von unabh\u00e4ngigen, erfolgreichen Beratern, Trainern und Coaches f\u00fcr Management-Themen.\" \/>\n<meta property=\"og:url\" content=\"https:\/\/mesg.ch\/en\/culture-transformation\/\" \/>\n<meta property=\"og:site_name\" content=\"MESG\" \/>\n<meta property=\"article:modified_time\" content=\"2020-08-25T13:07:56+00:00\" \/>\n<meta name=\"twitter:card\" content=\"summary_large_image\" \/>\n<meta name=\"twitter:label1\" content=\"Est. reading time\" \/>\n\t<meta name=\"twitter:data1\" content=\"18 minutes\" \/>\n<script type=\"application\/ld+json\" class=\"yoast-schema-graph\">{\"@context\":\"https:\/\/schema.org\",\"@graph\":[{\"@type\":\"WebPage\",\"@id\":\"https:\/\/mesg.ch\/en\/culture-transformation\/\",\"url\":\"https:\/\/mesg.ch\/en\/culture-transformation\/\",\"name\":\"Culture & Transformation - MESG\",\"isPartOf\":{\"@id\":\"https:\/\/mesg.ch\/#website\"},\"datePublished\":\"2020-08-23T09:17:44+00:00\",\"dateModified\":\"2020-08-25T13:07:56+00:00\",\"description\":\"MESG = Management Experts St. Gallen. Dies steht f\u00fcr einen Verbund von unabh\u00e4ngigen, erfolgreichen Beratern, Trainern und Coaches f\u00fcr Management-Themen.\",\"breadcrumb\":{\"@id\":\"https:\/\/mesg.ch\/en\/culture-transformation\/#breadcrumb\"},\"inLanguage\":\"en-US\",\"potentialAction\":[{\"@type\":\"ReadAction\",\"target\":[\"https:\/\/mesg.ch\/en\/culture-transformation\/\"]}]},{\"@type\":\"BreadcrumbList\",\"@id\":\"https:\/\/mesg.ch\/en\/culture-transformation\/#breadcrumb\",\"itemListElement\":[{\"@type\":\"ListItem\",\"position\":1,\"name\":\"Startseite\",\"item\":\"https:\/\/mesg.ch\/en\/\"},{\"@type\":\"ListItem\",\"position\":2,\"name\":\"Culture &#038; Transformation\"}]},{\"@type\":\"WebSite\",\"@id\":\"https:\/\/mesg.ch\/#website\",\"url\":\"https:\/\/mesg.ch\/\",\"name\":\"MESG\",\"description\":\"Management Experts St. Gallen\",\"publisher\":{\"@id\":\"https:\/\/mesg.ch\/#organization\"},\"potentialAction\":[{\"@type\":\"SearchAction\",\"target\":{\"@type\":\"EntryPoint\",\"urlTemplate\":\"https:\/\/mesg.ch\/?s={search_term_string}\"},\"query-input\":{\"@type\":\"PropertyValueSpecification\",\"valueRequired\":true,\"valueName\":\"search_term_string\"}}],\"inLanguage\":\"en-US\"},{\"@type\":\"Organization\",\"@id\":\"https:\/\/mesg.ch\/#organization\",\"name\":\"Management Experts St. Gallen GmbH\",\"url\":\"https:\/\/mesg.ch\/\",\"logo\":{\"@type\":\"ImageObject\",\"inLanguage\":\"en-US\",\"@id\":\"https:\/\/mesg.ch\/#\/schema\/logo\/image\/\",\"url\":\"https:\/\/mesg.ch\/wp-content\/uploads\/2020\/05\/mesg-logo-500.png\",\"contentUrl\":\"https:\/\/mesg.ch\/wp-content\/uploads\/2020\/05\/mesg-logo-500.png\",\"width\":500,\"height\":275,\"caption\":\"Management Experts St. Gallen GmbH\"},\"image\":{\"@id\":\"https:\/\/mesg.ch\/#\/schema\/logo\/image\/\"},\"sameAs\":[\"https:\/\/www.linkedin.com\/company\/mesg-management-experts-st-gallen\/?viewAsMember=true\"]}]}<\/script>\n<!-- \/ Yoast SEO plugin. -->","yoast_head_json":{"title":"Culture & Transformation - MESG","description":"MESG = Management Experts St. Gallen. Dies steht f\u00fcr einen Verbund von unabh\u00e4ngigen, erfolgreichen Beratern, Trainern und Coaches f\u00fcr Management-Themen.","robots":{"index":"index","follow":"follow","max-snippet":"max-snippet:-1","max-image-preview":"max-image-preview:large","max-video-preview":"max-video-preview:-1"},"canonical":"https:\/\/mesg.ch\/en\/culture-transformation\/","og_locale":"en_US","og_type":"article","og_title":"Culture & Transformation - MESG","og_description":"MESG = Management Experts St. Gallen. Dies steht f\u00fcr einen Verbund von unabh\u00e4ngigen, erfolgreichen Beratern, Trainern und Coaches f\u00fcr Management-Themen.","og_url":"https:\/\/mesg.ch\/en\/culture-transformation\/","og_site_name":"MESG","article_modified_time":"2020-08-25T13:07:56+00:00","twitter_card":"summary_large_image","twitter_misc":{"Est. reading time":"18 minutes"},"schema":{"@context":"https:\/\/schema.org","@graph":[{"@type":"WebPage","@id":"https:\/\/mesg.ch\/en\/culture-transformation\/","url":"https:\/\/mesg.ch\/en\/culture-transformation\/","name":"Culture & Transformation - MESG","isPartOf":{"@id":"https:\/\/mesg.ch\/#website"},"datePublished":"2020-08-23T09:17:44+00:00","dateModified":"2020-08-25T13:07:56+00:00","description":"MESG = Management Experts St. Gallen. Dies steht f\u00fcr einen Verbund von unabh\u00e4ngigen, erfolgreichen Beratern, Trainern und Coaches f\u00fcr Management-Themen.","breadcrumb":{"@id":"https:\/\/mesg.ch\/en\/culture-transformation\/#breadcrumb"},"inLanguage":"en-US","potentialAction":[{"@type":"ReadAction","target":["https:\/\/mesg.ch\/en\/culture-transformation\/"]}]},{"@type":"BreadcrumbList","@id":"https:\/\/mesg.ch\/en\/culture-transformation\/#breadcrumb","itemListElement":[{"@type":"ListItem","position":1,"name":"Startseite","item":"https:\/\/mesg.ch\/en\/"},{"@type":"ListItem","position":2,"name":"Culture &#038; Transformation"}]},{"@type":"WebSite","@id":"https:\/\/mesg.ch\/#website","url":"https:\/\/mesg.ch\/","name":"MESG","description":"Management Experts St. Gallen","publisher":{"@id":"https:\/\/mesg.ch\/#organization"},"potentialAction":[{"@type":"SearchAction","target":{"@type":"EntryPoint","urlTemplate":"https:\/\/mesg.ch\/?s={search_term_string}"},"query-input":{"@type":"PropertyValueSpecification","valueRequired":true,"valueName":"search_term_string"}}],"inLanguage":"en-US"},{"@type":"Organization","@id":"https:\/\/mesg.ch\/#organization","name":"Management Experts St. Gallen GmbH","url":"https:\/\/mesg.ch\/","logo":{"@type":"ImageObject","inLanguage":"en-US","@id":"https:\/\/mesg.ch\/#\/schema\/logo\/image\/","url":"https:\/\/mesg.ch\/wp-content\/uploads\/2020\/05\/mesg-logo-500.png","contentUrl":"https:\/\/mesg.ch\/wp-content\/uploads\/2020\/05\/mesg-logo-500.png","width":500,"height":275,"caption":"Management Experts St. Gallen GmbH"},"image":{"@id":"https:\/\/mesg.ch\/#\/schema\/logo\/image\/"},"sameAs":["https:\/\/www.linkedin.com\/company\/mesg-management-experts-st-gallen\/?viewAsMember=true"]}]}},"_links":{"self":[{"href":"https:\/\/mesg.ch\/en\/wp-json\/wp\/v2\/pages\/1134","targetHints":{"allow":["GET"]}}],"collection":[{"href":"https:\/\/mesg.ch\/en\/wp-json\/wp\/v2\/pages"}],"about":[{"href":"https:\/\/mesg.ch\/en\/wp-json\/wp\/v2\/types\/page"}],"author":[{"embeddable":true,"href":"https:\/\/mesg.ch\/en\/wp-json\/wp\/v2\/users\/3"}],"replies":[{"embeddable":true,"href":"https:\/\/mesg.ch\/en\/wp-json\/wp\/v2\/comments?post=1134"}],"version-history":[{"count":8,"href":"https:\/\/mesg.ch\/en\/wp-json\/wp\/v2\/pages\/1134\/revisions"}],"predecessor-version":[{"id":1383,"href":"https:\/\/mesg.ch\/en\/wp-json\/wp\/v2\/pages\/1134\/revisions\/1383"}],"wp:attachment":[{"href":"https:\/\/mesg.ch\/en\/wp-json\/wp\/v2\/media?parent=1134"}],"curies":[{"name":"wp","href":"https:\/\/api.w.org\/{rel}","templated":true}]}}