{"id":1157,"date":"2020-08-23T11:20:15","date_gmt":"2020-08-23T09:20:15","guid":{"rendered":"https:\/\/mesg.ch\/?page_id=1157"},"modified":"2020-08-25T14:45:26","modified_gmt":"2020-08-25T12:45:26","slug":"structure-organisation","status":"publish","type":"page","link":"https:\/\/mesg.ch\/en\/structure-organisation\/","title":{"rendered":"Structure &#038; Organisation"},"content":{"rendered":"<p><div class=\"fusion-fullwidth fullwidth-box fusion-builder-row-1 nonhundred-percent-fullwidth non-hundred-percent-height-scrolling\" style=\"--awb-border-radius-top-left:0px;--awb-border-radius-top-right:0px;--awb-border-radius-bottom-right:0px;--awb-border-radius-bottom-left:0px;--awb-padding-bottom:0px;--awb-flex-wrap:wrap;\" ><div class=\"fusion-builder-row fusion-row\"><div class=\"fusion-layout-column fusion_builder_column fusion-builder-column-0 fusion_builder_column_3_4 3_4 fusion-three-fourth fusion-column-first\" style=\"--awb-bg-size:cover;width:75%;width:calc(75% - ( ( 4% ) * 0.75 ) );margin-right: 4%;\"><div class=\"fusion-column-wrapper fusion-column-has-shadow fusion-flex-column-wrapper-legacy\"><div class=\"fusion-title title fusion-title-1 fusion-sep-none fusion-title-text fusion-title-size-two\" style=\"--awb-margin-top-small:10px;--awb-margin-right-small:0px;--awb-margin-bottom-small:10px;--awb-margin-left-small:0px;\"><h2 class=\"fusion-title-heading title-heading-left fusion-responsive-typography-calculated\" style=\"margin:0;--fontSize:28;line-height:1.3;\">Effectiveness in Cooperation<\/h2><\/div><div class=\"fusion-clearfix\"><\/div><\/div><\/div><div class=\"fusion-layout-column fusion_builder_column fusion-builder-column-1 fusion_builder_column_1_4 1_4 fusion-one-fourth fusion-column-last\" style=\"--awb-bg-size:cover;width:25%;width:calc(25% - ( ( 4% ) * 0.25 ) );\"><div class=\"fusion-column-wrapper fusion-column-has-shadow fusion-flex-column-wrapper-legacy\"><div class=\"fusion-image-element fusion-image-align-right in-legacy-container\" style=\"text-align:right;--awb-max-width:60px;--awb-caption-title-font-family:var(--h2_typography-font-family);--awb-caption-title-font-weight:var(--h2_typography-font-weight);--awb-caption-title-font-style:var(--h2_typography-font-style);--awb-caption-title-size:var(--h2_typography-font-size);--awb-caption-title-transform:var(--h2_typography-text-transform);--awb-caption-title-line-height:var(--h2_typography-line-height);--awb-caption-title-letter-spacing:var(--h2_typography-letter-spacing);\"><span class=\" fusion-imageframe imageframe-none imageframe-1 hover-type-none\" style=\"margin-left:25px;float:right;\"><img decoding=\"async\" width=\"636\" height=\"637\" title=\"mesg-struktur-organisation-icon\" src=\"https:\/\/mesg.ch\/wp-content\/uploads\/2020\/07\/mesg-struktur-organisation-icon.png\" data-orig-src=\"https:\/\/mesg.ch\/wp-content\/uploads\/2020\/07\/mesg-struktur-organisation-icon.png\" alt class=\"lazyload img-responsive wp-image-910\" srcset=\"data:image\/svg+xml,%3Csvg%20xmlns%3D%27http%3A%2F%2Fwww.w3.org%2F2000%2Fsvg%27%20width%3D%27636%27%20height%3D%27637%27%20viewBox%3D%270%200%20636%20637%27%3E%3Crect%20width%3D%27636%27%20height%3D%27637%27%20fill-opacity%3D%220%22%2F%3E%3C%2Fsvg%3E\" data-srcset=\"https:\/\/mesg.ch\/wp-content\/uploads\/2020\/07\/mesg-struktur-organisation-icon-200x200.png 200w, https:\/\/mesg.ch\/wp-content\/uploads\/2020\/07\/mesg-struktur-organisation-icon-400x401.png 400w, https:\/\/mesg.ch\/wp-content\/uploads\/2020\/07\/mesg-struktur-organisation-icon-600x601.png 600w, https:\/\/mesg.ch\/wp-content\/uploads\/2020\/07\/mesg-struktur-organisation-icon.png 636w\" data-sizes=\"auto\" data-orig-sizes=\"(max-width: 1000px) 100vw, 400px\" \/><\/span><\/div><div class=\"fusion-clearfix\"><\/div><\/div><\/div><\/div><\/div><div class=\"fusion-fullwidth fullwidth-box fusion-builder-row-2 nonhundred-percent-fullwidth non-hundred-percent-height-scrolling\" style=\"--awb-border-radius-top-left:0px;--awb-border-radius-top-right:0px;--awb-border-radius-bottom-right:0px;--awb-border-radius-bottom-left:0px;--awb-padding-top:0px;--awb-flex-wrap:wrap;\" ><div class=\"fusion-builder-row fusion-row\"><div class=\"fusion-layout-column fusion_builder_column fusion-builder-column-2 fusion_builder_column_1_2 1_2 fusion-one-half fusion-column-first\" style=\"--awb-bg-size:cover;width:50%;width:calc(50% - ( ( 4% ) * 0.5 ) );margin-right: 4%;\"><div class=\"fusion-column-wrapper fusion-column-has-shadow fusion-flex-column-wrapper-legacy\"><div class=\"fusion-text fusion-text-1\"><p><span data-contrast=\"auto\">In our consulting projects, we often hear statements from executives and employees such as &#8220;We work more against each other than with each other!&#8221; or \u201cOur processes are not tailored to the needs of customers!\u201d or \u201cWe are not successful because of our organization, but despite our organization!\u201d The best strategy <\/span><span data-contrast=\"auto\">can&#8217;t<\/span><span data-contrast=\"auto\"> be implemented effectively if the structures, processes, functions and <\/span><span data-contrast=\"auto\">committees<\/span> <span data-contrast=\"auto\">aren&#8217;t<\/span><span data-contrast=\"auto\"> effective and harmonized with one another. What the customer pays for and what the employees and managers are paid for must be the focus of the organization&#8217;s attention. Principles such as subsidiarity, autonomy, self-organization and redundancy, which are a <\/span><span data-contrast=\"auto\">normal<\/span><span data-contrast=\"auto\"> in functioning biological systems, <\/span><span data-contrast=\"auto\">should<\/span><span data-contrast=\"auto\"> also be <\/span><span data-contrast=\"auto\">use<\/span><span data-contrast=\"auto\">d in companies.<\/span><span data-ccp-props=\"{\">\u00a0<\/span><\/p>\n<p>We know what it takes to structure medium-sized companies as well as international groups in such a way that the individual contributions are maximized and aligned with the common purpose. It is not achieved simply by adding more boxes to the organisational charts. It is achieved by using cybernetic solutions like the Viable System Model to design, manage and develop companies.<\/p>\n<\/div><div class=\"fusion-clearfix\"><\/div><\/div><\/div><div class=\"fusion-layout-column fusion_builder_column fusion-builder-column-3 fusion_builder_column_1_2 1_2 fusion-one-half fusion-column-last fusion-animated\" style=\"--awb-bg-position:center center;--awb-bg-size:cover;width:50%;width:calc(50% - ( ( 4% ) * 0.5 ) );\" data-animationType=\"slideInRight\" data-animationDuration=\"0.6\" data-animationOffset=\"top-into-view\"><div class=\"fusion-column-wrapper fusion-column-has-shadow fusion-flex-column-wrapper-legacy\"><div class=\"fusion-title title fusion-title-2 fusion-sep-none fusion-title-text fusion-title-size-three\" style=\"--awb-margin-top:0px;--awb-margin-top-small:10px;--awb-margin-right-small:0px;--awb-margin-bottom-small:10px;--awb-margin-left-small:0px;\"><h3 class=\"fusion-title-heading title-heading-left fusion-responsive-typography-calculated\" style=\"margin:0;--fontSize:24;line-height:1.4;\">How we help<\/h3><\/div><ul style=\"--awb-line-height:27.2px;--awb-icon-width:27.2px;--awb-icon-height:27.2px;--awb-icon-margin:11.2px;--awb-content-margin:38.4px;\" class=\"fusion-checklist fusion-checklist-1 fusion-checklist-default type-icons\"><li class=\"fusion-li-item\" style=\"\"><span class=\"icon-wrapper circle-no\"><i class=\"fusion-li-icon fa-angle-right fas\" aria-hidden=\"true\"><\/i><\/span><div class=\"fusion-li-item-content\">\n<p><span data-contrast=\"auto\">System check of the operational and strategic functions of the organization <\/span><span data-contrast=\"auto\">and definition of worthwhile and practical improvements.<\/span><span data-ccp-props=\"{\">\u00a0<\/span><\/p>\n<\/div><\/li><li class=\"fusion-li-item\" style=\"\"><span class=\"icon-wrapper circle-no\"><i class=\"fusion-li-icon fa-angle-right fas\" aria-hidden=\"true\"><\/i><\/span><div class=\"fusion-li-item-content\">\n<p><span data-contrast=\"auto\">Accompanying complex and comprehensive reorganization processes, e.g. in growth phases, during consolidations or as part of M&amp;A processes.<\/span><span data-ccp-props=\"{\">\u00a0<\/span><\/p>\n<\/div><\/li><li class=\"fusion-li-item\" style=\"\"><span class=\"icon-wrapper circle-no\"><i class=\"fusion-li-icon fa-angle-right fas\" aria-hidden=\"true\"><\/i><\/span><div class=\"fusion-li-item-content\">\n<p><span data-contrast=\"auto\">Linking the organizational structure and process<\/span><span data-contrast=\"auto\">es <\/span><span data-contrast=\"auto\">as well as the committee landscap<\/span><span data-contrast=\"auto\">e <\/span><span data-contrast=\"auto\">to holistic organizational models.<\/span><span data-ccp-props=\"{\">\u00a0<\/span><\/p>\n<\/div><\/li><li class=\"fusion-li-item\" style=\"\"><span class=\"icon-wrapper circle-no\"><i class=\"fusion-li-icon fa-angle-right fas\" aria-hidden=\"true\"><\/i><\/span><div class=\"fusion-li-item-content\">\n<p><span data-contrast=\"auto\">Ensuring the necessary cultural transformation in organizational change processes.<\/span><span data-ccp-props=\"{\">\u00a0<\/span><\/p>\n<\/div><\/li><li class=\"fusion-li-item\" style=\"\"><span class=\"icon-wrapper circle-no\"><i class=\"fusion-li-icon fa-angle-right fas\" aria-hidden=\"true\"><\/i><\/span><div class=\"fusion-li-item-content\">\n<p><span data-contrast=\"auto\">Development of function diagrams for the clear assignment of tasks, <\/span><span data-contrast=\"auto\">authority<\/span><span data-contrast=\"auto\"> and responsibilities and the derivation of process<\/span><span data-contrast=\"auto\">es<\/span><span data-contrast=\"auto\"> and job descriptions.<\/span><span data-ccp-props=\"{\">\u00a0<\/span><\/p>\n<\/div><\/li><li class=\"fusion-li-item\" style=\"\"><span class=\"icon-wrapper circle-no\"><i class=\"fusion-li-icon fa-angle-right fas\" aria-hidden=\"true\"><\/i><\/span><div class=\"fusion-li-item-content\">\n<p><span data-contrast=\"auto\">Optimization of the relevant value creation, management and support processes according to lean management principles.<\/span><span data-ccp-props=\"{\">\u00a0<\/span><\/p>\n<\/div><\/li><\/ul><div class=\"fusion-clearfix\"><\/div><\/div><\/div><\/div><\/div><div class=\"fusion-fullwidth fullwidth-box fusion-builder-row-3 nonhundred-percent-fullwidth non-hundred-percent-height-scrolling themen\" style=\"--awb-border-radius-top-left:0px;--awb-border-radius-top-right:0px;--awb-border-radius-bottom-right:0px;--awb-border-radius-bottom-left:0px;--awb-background-color:#f7f7f7;--awb-flex-wrap:wrap;\" ><div class=\"fusion-builder-row fusion-row\"><div class=\"fusion-layout-column fusion_builder_column fusion-builder-column-4 fusion_builder_column_1_1 1_1 fusion-one-full fusion-column-first fusion-column-last\" style=\"--awb-bg-size:cover;\"><div class=\"fusion-column-wrapper fusion-column-has-shadow fusion-flex-column-wrapper-legacy\"><div class=\"fusion-title title fusion-title-3 fusion-sep-none fusion-title-text fusion-title-size-two\" style=\"--awb-margin-top:0px;--awb-margin-top-small:10px;--awb-margin-right-small:0px;--awb-margin-bottom-small:10px;--awb-margin-left-small:0px;\"><h2 class=\"fusion-title-heading title-heading-left fusion-responsive-typography-calculated\" style=\"margin:0;--fontSize:28;line-height:1.3;\">We can also help you with<\/h2><\/div><div class=\"fusion-clearfix\"><\/div><\/div><\/div><div class=\"fusion-layout-column fusion_builder_column fusion-builder-column-5 fusion_builder_column_1_4 1_4 fusion-one-fourth fusion-column-first\" style=\"--awb-bg-size:cover;width:25%;width:calc(25% - ( ( 4% + 4% + 4% ) * 0.25 ) );margin-right: 4%;\"><div class=\"fusion-column-wrapper fusion-column-has-shadow fusion-flex-column-wrapper-legacy\"><div class=\"jag-himg-wrapper rvWQUtdGAF \">\t<div class=\"jag-hoverimage-card jag-himg-hover jag-himg-s1 \" onclick=\"\">\n\t\t\n\t\t\t\t\t<a class=\"jag-wrapper-link\" href=https:\/\/mesg.ch\/en\/vision-purpose\/>\n\t\t\t\t\t\t<img decoding=\"async\" src=\"data:image\/svg+xml,%3Csvg%20xmlns%3D%27http%3A%2F%2Fwww.w3.org%2F2000%2Fsvg%27%20width%3D%27622%27%20height%3D%27636%27%20viewBox%3D%270%200%20622%20636%27%3E%3Crect%20width%3D%27622%27%20height%3D%27636%27%20fill-opacity%3D%220%22%2F%3E%3C%2Fsvg%3E\" data-orig-src=\"https:\/\/mesg.ch\/wp-content\/uploads\/2020\/07\/mesg-vision-zweck-icon.png\" class=\"lazyload jag_fimg_main\">\n\t\t\t\n            \n\t\t\t<div class=\"jag-hoverimage-overlay\"><\/div>\n\t\t\t\n\t\t\t\t\t\t\n\t\t\t<div class=\"jag-hover-content-wrapper\">\n\t\t\t\t<div class=\"jag-hoverimage-content jag-align-center jag-align-middle\">\n\t\t\t\t\t\t\t\t\t\t\t\t<div class=\"clearfix\"><\/div>\n\t\t\t\t\t\t\t<div class=\"jag-hoverimage-short-desc\">\n\t\t\t\t\t\t\t\t\n<p>Vision<br \/>\n&amp;<br \/>\nPurpose<\/p>\n\t\t\t\t\t\t\t<\/div>\n\t\t\t\t\t\t\t\t\t\t<\/div>\n\t\t\t<\/div>\n\t\t\t\t\t<\/a>\n\t\t\t<\/div>\n\t<\/div><div class=\"fusion-clearfix\"><\/div><\/div><\/div><div class=\"fusion-layout-column fusion_builder_column fusion-builder-column-6 fusion_builder_column_1_4 1_4 fusion-one-fourth\" style=\"--awb-bg-size:cover;width:25%;width:calc(25% - ( ( 4% + 4% + 4% ) * 0.25 ) );margin-right: 4%;\"><div class=\"fusion-column-wrapper fusion-column-has-shadow fusion-flex-column-wrapper-legacy\"><div class=\"jag-himg-wrapper wyCiXSaxoq \">\t<div class=\"jag-hoverimage-card jag-himg-hover jag-himg-s1 \" onclick=\"\">\n\t\t\n\t\t\t\t\t<a class=\"jag-wrapper-link\" href=https:\/\/mesg.ch\/en\/strategy-business-model\/>\n\t\t\t\t\t\t<img decoding=\"async\" src=\"data:image\/svg+xml,%3Csvg%20xmlns%3D%27http%3A%2F%2Fwww.w3.org%2F2000%2Fsvg%27%20width%3D%27637%27%20height%3D%27636%27%20viewBox%3D%270%200%20637%20636%27%3E%3Crect%20width%3D%27637%27%20height%3D%27636%27%20fill-opacity%3D%220%22%2F%3E%3C%2Fsvg%3E\" data-orig-src=\"https:\/\/mesg.ch\/wp-content\/uploads\/2020\/07\/mesg-strategie-geschaeftsmodell-icon.png\" class=\"lazyload jag_fimg_main\">\n\t\t\t\n            \n\t\t\t<div class=\"jag-hoverimage-overlay\"><\/div>\n\t\t\t\n\t\t\t\t\t\t\n\t\t\t<div class=\"jag-hover-content-wrapper\">\n\t\t\t\t<div class=\"jag-hoverimage-content jag-align-center jag-align-middle\">\n\t\t\t\t\t\t\t\t\t\t\t\t<div class=\"clearfix\"><\/div>\n\t\t\t\t\t\t\t<div class=\"jag-hoverimage-short-desc\">\n\t\t\t\t\t\t\t\t\n<p>Strategy<br \/>\n&amp;<br \/>\nBusiness Model<\/p>\n\t\t\t\t\t\t\t<\/div>\n\t\t\t\t\t\t\t\t\t\t<\/div>\n\t\t\t<\/div>\n\t\t\t\t\t<\/a>\n\t\t\t<\/div>\n\t<\/div><div class=\"fusion-clearfix\"><\/div><\/div><\/div><div class=\"fusion-layout-column fusion_builder_column fusion-builder-column-7 fusion_builder_column_1_4 1_4 fusion-one-fourth\" style=\"--awb-bg-size:cover;width:25%;width:calc(25% - ( ( 4% + 4% + 4% ) * 0.25 ) );margin-right: 4%;\"><div class=\"fusion-column-wrapper fusion-column-has-shadow fusion-flex-column-wrapper-legacy\"><div class=\"jag-himg-wrapper iapkFeYTTH \">\t<div class=\"jag-hoverimage-card jag-himg-hover jag-himg-s1 \" onclick=\"\">\n\t\t\n\t\t\t\t\t<a class=\"jag-wrapper-link\" href=https:\/\/mesg.ch\/en\/culture-transformation\/>\n\t\t\t\t\t\t<img decoding=\"async\" src=\"data:image\/svg+xml,%3Csvg%20xmlns%3D%27http%3A%2F%2Fwww.w3.org%2F2000%2Fsvg%27%20width%3D%27622%27%20height%3D%27636%27%20viewBox%3D%270%200%20622%20636%27%3E%3Crect%20width%3D%27622%27%20height%3D%27636%27%20fill-opacity%3D%220%22%2F%3E%3C%2Fsvg%3E\" data-orig-src=\"https:\/\/mesg.ch\/wp-content\/uploads\/2020\/07\/mesg-kultur-transformation-icon.png\" class=\"lazyload jag_fimg_main\">\n\t\t\t\n            \n\t\t\t<div class=\"jag-hoverimage-overlay\"><\/div>\n\t\t\t\n\t\t\t\t\t\t\n\t\t\t<div class=\"jag-hover-content-wrapper\">\n\t\t\t\t<div class=\"jag-hoverimage-content jag-align-center jag-align-middle\">\n\t\t\t\t\t\t\t\t\t\t\t\t<div class=\"clearfix\"><\/div>\n\t\t\t\t\t\t\t<div class=\"jag-hoverimage-short-desc\">\n\t\t\t\t\t\t\t\t\n<p>Culture<br \/>\n&amp;<br \/>\nTrans-<br \/>\nformation<\/p>\n\t\t\t\t\t\t\t<\/div>\n\t\t\t\t\t\t\t\t\t\t<\/div>\n\t\t\t<\/div>\n\t\t\t\t\t<\/a>\n\t\t\t<\/div>\n\t<\/div><div class=\"fusion-clearfix\"><\/div><\/div><\/div><div class=\"fusion-layout-column fusion_builder_column fusion-builder-column-8 fusion_builder_column_1_4 1_4 fusion-one-fourth fusion-column-last\" style=\"--awb-bg-size:cover;width:25%;width:calc(25% - ( ( 4% + 4% + 4% ) * 0.25 ) );\"><div class=\"fusion-column-wrapper fusion-column-has-shadow fusion-flex-column-wrapper-legacy\"><div class=\"jag-himg-wrapper FjdYSVZerm \">\t<div class=\"jag-hoverimage-card jag-himg-hover jag-himg-s1 \" onclick=\"\">\n\t\t\n\t\t\t\t\t<a class=\"jag-wrapper-link\" href=https:\/\/mesg.ch\/en\/leadership-governance\/>\n\t\t\t\t\t\t<img decoding=\"async\" src=\"data:image\/svg+xml,%3Csvg%20xmlns%3D%27http%3A%2F%2Fwww.w3.org%2F2000%2Fsvg%27%20width%3D%27636%27%20height%3D%27636%27%20viewBox%3D%270%200%20636%20636%27%3E%3Crect%20width%3D%27636%27%20height%3D%27636%27%20fill-opacity%3D%220%22%2F%3E%3C%2Fsvg%3E\" data-orig-src=\"https:\/\/mesg.ch\/wp-content\/uploads\/2020\/07\/mesg-leadership-governance-icon.png\" class=\"lazyload jag_fimg_main\">\n\t\t\t\n            \n\t\t\t<div class=\"jag-hoverimage-overlay\"><\/div>\n\t\t\t\n\t\t\t\t\t\t\n\t\t\t<div class=\"jag-hover-content-wrapper\">\n\t\t\t\t<div class=\"jag-hoverimage-content jag-align-center jag-align-middle\">\n\t\t\t\t\t\t\t\t\t\t\t\t<div class=\"clearfix\"><\/div>\n\t\t\t\t\t\t\t<div class=\"jag-hoverimage-short-desc\">\n\t\t\t\t\t\t\t\t\n<p>Leadership<br \/>\n&amp;<br \/>\nGovernance<\/p>\n\t\t\t\t\t\t\t<\/div>\n\t\t\t\t\t\t\t\t\t\t<\/div>\n\t\t\t<\/div>\n\t\t\t\t\t<\/a>\n\t\t\t<\/div>\n\t<\/div><div class=\"fusion-clearfix\"><\/div><\/div><\/div><\/div><\/div><\/p>\n","protected":false},"excerpt":{"rendered":"","protected":false},"author":3,"featured_media":0,"parent":0,"menu_order":0,"comment_status":"closed","ping_status":"closed","template":"100-width.php","meta":{"footnotes":""},"class_list":["post-1157","page","type-page","status-publish","hentry"],"yoast_head":"<!-- This site is optimized with the Yoast SEO plugin v27.2 - https:\/\/yoast.com\/product\/yoast-seo-wordpress\/ -->\n<title>Structure &amp; Organisation - MESG<\/title>\n<meta name=\"description\" content=\"MESG = Management Experts St. Gallen. Dies steht f\u00fcr einen Verbund von unabh\u00e4ngigen, erfolgreichen Beratern, Trainern und Coaches f\u00fcr Management-Themen.\" \/>\n<meta name=\"robots\" content=\"index, follow, max-snippet:-1, max-image-preview:large, max-video-preview:-1\" \/>\n<link rel=\"canonical\" href=\"https:\/\/mesg.ch\/en\/structure-organisation\/\" \/>\n<meta property=\"og:locale\" content=\"en_US\" \/>\n<meta property=\"og:type\" content=\"article\" \/>\n<meta property=\"og:title\" content=\"Structure &amp; Organisation - MESG\" \/>\n<meta property=\"og:description\" content=\"MESG = Management Experts St. Gallen. Dies steht f\u00fcr einen Verbund von unabh\u00e4ngigen, erfolgreichen Beratern, Trainern und Coaches f\u00fcr Management-Themen.\" \/>\n<meta property=\"og:url\" content=\"https:\/\/mesg.ch\/en\/structure-organisation\/\" \/>\n<meta property=\"og:site_name\" content=\"MESG\" \/>\n<meta property=\"article:modified_time\" content=\"2020-08-25T12:45:26+00:00\" \/>\n<meta name=\"twitter:card\" content=\"summary_large_image\" \/>\n<meta name=\"twitter:label1\" content=\"Est. reading time\" \/>\n\t<meta name=\"twitter:data1\" content=\"19 minutes\" \/>\n<script type=\"application\/ld+json\" class=\"yoast-schema-graph\">{\"@context\":\"https:\/\/schema.org\",\"@graph\":[{\"@type\":\"WebPage\",\"@id\":\"https:\/\/mesg.ch\/en\/structure-organisation\/\",\"url\":\"https:\/\/mesg.ch\/en\/structure-organisation\/\",\"name\":\"Structure & Organisation - MESG\",\"isPartOf\":{\"@id\":\"https:\/\/mesg.ch\/#website\"},\"datePublished\":\"2020-08-23T09:20:15+00:00\",\"dateModified\":\"2020-08-25T12:45:26+00:00\",\"description\":\"MESG = Management Experts St. Gallen. Dies steht f\u00fcr einen Verbund von unabh\u00e4ngigen, erfolgreichen Beratern, Trainern und Coaches f\u00fcr Management-Themen.\",\"breadcrumb\":{\"@id\":\"https:\/\/mesg.ch\/en\/structure-organisation\/#breadcrumb\"},\"inLanguage\":\"en-US\",\"potentialAction\":[{\"@type\":\"ReadAction\",\"target\":[\"https:\/\/mesg.ch\/en\/structure-organisation\/\"]}]},{\"@type\":\"BreadcrumbList\",\"@id\":\"https:\/\/mesg.ch\/en\/structure-organisation\/#breadcrumb\",\"itemListElement\":[{\"@type\":\"ListItem\",\"position\":1,\"name\":\"Startseite\",\"item\":\"https:\/\/mesg.ch\/en\/\"},{\"@type\":\"ListItem\",\"position\":2,\"name\":\"Structure &#038; Organisation\"}]},{\"@type\":\"WebSite\",\"@id\":\"https:\/\/mesg.ch\/#website\",\"url\":\"https:\/\/mesg.ch\/\",\"name\":\"MESG\",\"description\":\"Management Experts St. Gallen\",\"publisher\":{\"@id\":\"https:\/\/mesg.ch\/#organization\"},\"potentialAction\":[{\"@type\":\"SearchAction\",\"target\":{\"@type\":\"EntryPoint\",\"urlTemplate\":\"https:\/\/mesg.ch\/?s={search_term_string}\"},\"query-input\":{\"@type\":\"PropertyValueSpecification\",\"valueRequired\":true,\"valueName\":\"search_term_string\"}}],\"inLanguage\":\"en-US\"},{\"@type\":\"Organization\",\"@id\":\"https:\/\/mesg.ch\/#organization\",\"name\":\"Management Experts St. Gallen GmbH\",\"url\":\"https:\/\/mesg.ch\/\",\"logo\":{\"@type\":\"ImageObject\",\"inLanguage\":\"en-US\",\"@id\":\"https:\/\/mesg.ch\/#\/schema\/logo\/image\/\",\"url\":\"https:\/\/mesg.ch\/wp-content\/uploads\/2020\/05\/mesg-logo-500.png\",\"contentUrl\":\"https:\/\/mesg.ch\/wp-content\/uploads\/2020\/05\/mesg-logo-500.png\",\"width\":500,\"height\":275,\"caption\":\"Management Experts St. Gallen GmbH\"},\"image\":{\"@id\":\"https:\/\/mesg.ch\/#\/schema\/logo\/image\/\"},\"sameAs\":[\"https:\/\/www.linkedin.com\/company\/mesg-management-experts-st-gallen\/?viewAsMember=true\"]}]}<\/script>\n<!-- \/ Yoast SEO plugin. -->","yoast_head_json":{"title":"Structure & Organisation - MESG","description":"MESG = Management Experts St. Gallen. Dies steht f\u00fcr einen Verbund von unabh\u00e4ngigen, erfolgreichen Beratern, Trainern und Coaches f\u00fcr Management-Themen.","robots":{"index":"index","follow":"follow","max-snippet":"max-snippet:-1","max-image-preview":"max-image-preview:large","max-video-preview":"max-video-preview:-1"},"canonical":"https:\/\/mesg.ch\/en\/structure-organisation\/","og_locale":"en_US","og_type":"article","og_title":"Structure & Organisation - MESG","og_description":"MESG = Management Experts St. Gallen. Dies steht f\u00fcr einen Verbund von unabh\u00e4ngigen, erfolgreichen Beratern, Trainern und Coaches f\u00fcr Management-Themen.","og_url":"https:\/\/mesg.ch\/en\/structure-organisation\/","og_site_name":"MESG","article_modified_time":"2020-08-25T12:45:26+00:00","twitter_card":"summary_large_image","twitter_misc":{"Est. reading time":"19 minutes"},"schema":{"@context":"https:\/\/schema.org","@graph":[{"@type":"WebPage","@id":"https:\/\/mesg.ch\/en\/structure-organisation\/","url":"https:\/\/mesg.ch\/en\/structure-organisation\/","name":"Structure & Organisation - MESG","isPartOf":{"@id":"https:\/\/mesg.ch\/#website"},"datePublished":"2020-08-23T09:20:15+00:00","dateModified":"2020-08-25T12:45:26+00:00","description":"MESG = Management Experts St. Gallen. Dies steht f\u00fcr einen Verbund von unabh\u00e4ngigen, erfolgreichen Beratern, Trainern und Coaches f\u00fcr Management-Themen.","breadcrumb":{"@id":"https:\/\/mesg.ch\/en\/structure-organisation\/#breadcrumb"},"inLanguage":"en-US","potentialAction":[{"@type":"ReadAction","target":["https:\/\/mesg.ch\/en\/structure-organisation\/"]}]},{"@type":"BreadcrumbList","@id":"https:\/\/mesg.ch\/en\/structure-organisation\/#breadcrumb","itemListElement":[{"@type":"ListItem","position":1,"name":"Startseite","item":"https:\/\/mesg.ch\/en\/"},{"@type":"ListItem","position":2,"name":"Structure &#038; Organisation"}]},{"@type":"WebSite","@id":"https:\/\/mesg.ch\/#website","url":"https:\/\/mesg.ch\/","name":"MESG","description":"Management Experts St. Gallen","publisher":{"@id":"https:\/\/mesg.ch\/#organization"},"potentialAction":[{"@type":"SearchAction","target":{"@type":"EntryPoint","urlTemplate":"https:\/\/mesg.ch\/?s={search_term_string}"},"query-input":{"@type":"PropertyValueSpecification","valueRequired":true,"valueName":"search_term_string"}}],"inLanguage":"en-US"},{"@type":"Organization","@id":"https:\/\/mesg.ch\/#organization","name":"Management Experts St. Gallen GmbH","url":"https:\/\/mesg.ch\/","logo":{"@type":"ImageObject","inLanguage":"en-US","@id":"https:\/\/mesg.ch\/#\/schema\/logo\/image\/","url":"https:\/\/mesg.ch\/wp-content\/uploads\/2020\/05\/mesg-logo-500.png","contentUrl":"https:\/\/mesg.ch\/wp-content\/uploads\/2020\/05\/mesg-logo-500.png","width":500,"height":275,"caption":"Management Experts St. Gallen GmbH"},"image":{"@id":"https:\/\/mesg.ch\/#\/schema\/logo\/image\/"},"sameAs":["https:\/\/www.linkedin.com\/company\/mesg-management-experts-st-gallen\/?viewAsMember=true"]}]}},"_links":{"self":[{"href":"https:\/\/mesg.ch\/en\/wp-json\/wp\/v2\/pages\/1157","targetHints":{"allow":["GET"]}}],"collection":[{"href":"https:\/\/mesg.ch\/en\/wp-json\/wp\/v2\/pages"}],"about":[{"href":"https:\/\/mesg.ch\/en\/wp-json\/wp\/v2\/types\/page"}],"author":[{"embeddable":true,"href":"https:\/\/mesg.ch\/en\/wp-json\/wp\/v2\/users\/3"}],"replies":[{"embeddable":true,"href":"https:\/\/mesg.ch\/en\/wp-json\/wp\/v2\/comments?post=1157"}],"version-history":[{"count":7,"href":"https:\/\/mesg.ch\/en\/wp-json\/wp\/v2\/pages\/1157\/revisions"}],"predecessor-version":[{"id":1281,"href":"https:\/\/mesg.ch\/en\/wp-json\/wp\/v2\/pages\/1157\/revisions\/1281"}],"wp:attachment":[{"href":"https:\/\/mesg.ch\/en\/wp-json\/wp\/v2\/media?parent=1157"}],"curies":[{"name":"wp","href":"https:\/\/api.w.org\/{rel}","templated":true}]}}