{"id":4199,"date":"2026-03-12T16:44:53","date_gmt":"2026-03-12T15:44:53","guid":{"rendered":"https:\/\/mesg.ch\/?page_id=4199"},"modified":"2026-03-12T16:44:53","modified_gmt":"2026-03-12T15:44:53","slug":"arndt-von-gregory2","status":"publish","type":"page","link":"https:\/\/mesg.ch\/en\/experten-2\/arndt-von-gregory2\/","title":{"rendered":"Arndt von Gregory"},"content":{"rendered":"<p><div class=\"fusion-fullwidth fullwidth-box fusion-builder-row-1 nonhundred-percent-fullwidth non-hundred-percent-height-scrolling\" style=\"--awb-border-radius-top-left:0px;--awb-border-radius-top-right:0px;--awb-border-radius-bottom-right:0px;--awb-border-radius-bottom-left:0px;--awb-flex-wrap:wrap;\" ><div class=\"fusion-builder-row fusion-row\"><div class=\"fusion-layout-column fusion_builder_column fusion-builder-column-0 fusion_builder_column_1_1 1_1 fusion-one-full fusion-column-first fusion-column-last\" style=\"--awb-bg-size:cover;\"><div class=\"fusion-column-wrapper fusion-column-has-shadow fusion-flex-column-wrapper-legacy\"><div class=\"fusion-title title fusion-title-1 fusion-sep-none fusion-title-text fusion-title-size-one\" style=\"--awb-margin-top-small:10px;--awb-margin-right-small:0px;--awb-margin-bottom-small:10px;--awb-margin-left-small:0px;\"><h1 class=\"fusion-title-heading title-heading-left fusion-responsive-typography-calculated\" style=\"margin:0;--fontSize:42;line-height:1.16;\">Arndt von Gregory<\/h1><\/div><div class=\"fusion-clearfix\"><\/div><\/div><\/div><div class=\"fusion-layout-column fusion_builder_column fusion-builder-column-1 fusion_builder_column_1_2 1_2 fusion-one-half fusion-column-first\" style=\"--awb-bg-size:cover;width:50%;width:calc(50% - ( ( 4% ) * 0.5 ) );margin-right: 4%;\"><div class=\"fusion-column-wrapper fusion-column-has-shadow fusion-flex-column-wrapper-legacy\"><div class=\"fusion-text fusion-text-1\"><p>Leading Companies into the future \u2013 strategically clear, operationally effective<\/p>\n<\/div><div class=\"fusion-text fusion-text-2\"><p>For more than 25 years, Arndt v. Gregory has guided companies through profound processes of change. Whether it involves strategic reorientation and its organizational anchoring, increasing profitability, or navigating crises, his perspective is consistently holistic, and his approach is methodologically sound.<\/p>\n<p>His conviction: &#8220;True transformation emerges from collaborative development \u2013 because strategic clarity and operational excellence only unfold their full power when leaders and teams truly make the new direction their own.&#8221;<\/p>\n<p>As a Principal at Strategy Engineers, and previously in senior roles at Malik Management, BearingPoint, and IDS Scheer, he has gathered over two decades of experience in the capital goods industry. He acts as a strategic advisor, a pragmatic analyst in crisis situations, and supports management in making organizations work effectively.<\/p>\n<\/div><div class=\"fusion-clearfix\"><\/div><\/div><\/div><div class=\"fusion-layout-column fusion_builder_column fusion-builder-column-2 fusion_builder_column_1_2 1_2 fusion-one-half fusion-column-last\" style=\"--awb-bg-size:cover;width:50%;width:calc(50% - ( ( 4% ) * 0.5 ) );\"><div class=\"fusion-column-wrapper fusion-column-has-shadow fusion-flex-column-wrapper-legacy\"><div class=\"fusion-text fusion-text-3\"><p><strong>And by the way:<\/strong><\/p>\n<\/div><ul style=\"--awb-line-height:27.2px;--awb-icon-width:27.2px;--awb-icon-height:27.2px;--awb-icon-margin:11.2px;--awb-content-margin:38.4px;\" class=\"fusion-checklist fusion-checklist-1 fusion-checklist-default type-icons\"><li class=\"fusion-li-item\" style=\"\"><span class=\"icon-wrapper circle-no\"><i class=\"fusion-li-icon fa-chevron-right fas\" aria-hidden=\"true\"><\/i><\/span><div class=\"fusion-li-item-content\">\n<p>He has a penchant for precise formulations \u2013 and for good food. When he&#8217;s not developing strategies, he&#8217;s cooking (with passion, without a recipe, but always with a Plan B). His engagements within a church context combine his interest in leadership with the question of how values and business can go hand in hand.<\/p>\n<\/div><\/li><\/ul><div class=\"fusion-sep-clear\"><\/div><div class=\"fusion-separator fusion-full-width-sep\" style=\"margin-left: auto;margin-right: auto;margin-top:10px;width:100%;\"><\/div><div class=\"fusion-sep-clear\"><\/div><div class=\"fusion-text fusion-text-4\"><p><strong>Contact Arndt von Gregory<\/strong><\/p>\n<\/div><ul style=\"--awb-line-height:27.2px;--awb-icon-width:27.2px;--awb-icon-height:27.2px;--awb-icon-margin:11.2px;--awb-content-margin:38.4px;\" class=\"fusion-checklist fusion-checklist-2 fusion-checklist-default type-icons\"><li class=\"fusion-li-item\" style=\"\"><span class=\"icon-wrapper circle-no\"><i class=\"fusion-li-icon fa-phone-alt fas\" aria-hidden=\"true\"><\/i><\/span><div class=\"fusion-li-item-content\">\n<p><a href=\"tel:+41715112944\">+41 (0) 71 511 29 44<\/a><\/p>\n<\/div><\/li><li class=\"fusion-li-item\" style=\"\"><span class=\"icon-wrapper circle-no\"><i class=\"fusion-li-icon fa-mobile-alt fas\" aria-hidden=\"true\"><\/i><\/span><div class=\"fusion-li-item-content\">\n<p><a href=\"tel:+4915112047694\">+49 (0) 151 1 204 76 94<\/a><\/p>\n<\/div><\/li><li class=\"fusion-li-item\" style=\"\"><span class=\"icon-wrapper circle-no\"><i class=\"fusion-li-icon fa-envelope fas\" aria-hidden=\"true\"><\/i><\/span><div class=\"fusion-li-item-content\">\n<p><a href=\"mailto:arndt.vongregory@mesg.ch\"><span data-olk-copy-source=\"MailCompose\">arndt.vongregory@mesg.ch<\/span><\/a><\/p>\n<\/div><\/li><\/ul><div class=\"fusion-clearfix\"><\/div><\/div><\/div><\/div><\/div><div class=\"fusion-fullwidth fullwidth-box fusion-builder-row-2 nonhundred-percent-fullwidth non-hundred-percent-height-scrolling\" style=\"--awb-border-radius-top-left:0px;--awb-border-radius-top-right:0px;--awb-border-radius-bottom-right:0px;--awb-border-radius-bottom-left:0px;--awb-background-color:#f7f7f7;--awb-flex-wrap:wrap;\" ><div class=\"fusion-builder-row fusion-row\"><div class=\"fusion-layout-column fusion_builder_column fusion-builder-column-3 fusion_builder_column_1_3 1_3 fusion-one-third fusion-column-first\" style=\"--awb-bg-size:cover;width:33.333333333333%;width:calc(33.333333333333% - ( ( 4% + 4% ) * 0.33333333333333 ) );margin-right: 4%;\"><div class=\"fusion-column-wrapper fusion-column-has-shadow fusion-flex-column-wrapper-legacy\"><div class=\"fusion-title title fusion-title-2 fusion-sep-none fusion-title-text fusion-title-size-two\" style=\"--awb-margin-top-small:10px;--awb-margin-right-small:0px;--awb-margin-bottom-small:10px;--awb-margin-left-small:0px;\"><h2 class=\"fusion-title-heading title-heading-left fusion-responsive-typography-calculated\" style=\"margin:0;--fontSize:28;line-height:1.3;\">Expertise<\/h2><\/div><ul style=\"--awb-line-height:27.2px;--awb-icon-width:27.2px;--awb-icon-height:27.2px;--awb-icon-margin:11.2px;--awb-content-margin:38.4px;\" class=\"fusion-checklist fusion-checklist-3 fusion-checklist-default type-icons\"><li class=\"fusion-li-item\" style=\"\"><span class=\"icon-wrapper circle-no\"><i class=\"fusion-li-icon fa-caret-right fas\" aria-hidden=\"true\"><\/i><\/span><div class=\"fusion-li-item-content\">\n<p>Strategy development &amp; realignment of business areas<\/p>\n<\/div><\/li><li class=\"fusion-li-item\" style=\"\"><span class=\"icon-wrapper circle-no\"><i class=\"fusion-li-icon fa-caret-right fas\" aria-hidden=\"true\"><\/i><\/span><div class=\"fusion-li-item-content\">\n<p>Strategy implementation &amp; anchoring within the organization and business processes<\/p>\n<\/div><\/li><li class=\"fusion-li-item\" style=\"\"><span class=\"icon-wrapper circle-no\"><i class=\"fusion-li-icon fa-caret-right fas\" aria-hidden=\"true\"><\/i><\/span><div class=\"fusion-li-item-content\">\n<p>Brand and product positioning in the automotive context<\/p>\n<\/div><\/li><li class=\"fusion-li-item\" style=\"\"><span class=\"icon-wrapper circle-no\"><i class=\"fusion-li-icon fa-caret-right fas\" aria-hidden=\"true\"><\/i><\/span><div class=\"fusion-li-item-content\">\n<p>Market and technology studies, strategic due diligence<\/p>\n<\/div><\/li><li class=\"fusion-li-item\" style=\"\"><span class=\"icon-wrapper circle-no\"><i class=\"fusion-li-icon fa-caret-right fas\" aria-hidden=\"true\"><\/i><\/span><div class=\"fusion-li-item-content\">\n<p>Facilitation of large-scale group workshops<\/p>\n<\/div><\/li><li class=\"fusion-li-item\" style=\"\"><span class=\"icon-wrapper circle-no\"><i class=\"fusion-li-icon fa-caret-right fas\" aria-hidden=\"true\"><\/i><\/span><div class=\"fusion-li-item-content\">\n<p>Operational performance improvement &amp; restructuring<\/p>\n<\/div><\/li><li class=\"fusion-li-item\" style=\"\"><span class=\"icon-wrapper circle-no\"><i class=\"fusion-li-icon fa-caret-right fas\" aria-hidden=\"true\"><\/i><\/span><div class=\"fusion-li-item-content\">\n<p>Product cost optimization &amp; target costing<\/p>\n<\/div><\/li><li class=\"fusion-li-item\" style=\"\"><span class=\"icon-wrapper circle-no\"><i class=\"fusion-li-icon fa-caret-right fas\" aria-hidden=\"true\"><\/i><\/span><div class=\"fusion-li-item-content\">\n<p>Product development process optimization &amp; time-to-market reduction<\/p>\n<\/div><\/li><\/ul><div class=\"fusion-clearfix\"><\/div><\/div><\/div><div class=\"fusion-layout-column fusion_builder_column fusion-builder-column-4 fusion_builder_column_1_3 1_3 fusion-one-third\" style=\"--awb-bg-size:cover;width:33.333333333333%;width:calc(33.333333333333% - ( ( 4% + 4% ) * 0.33333333333333 ) );margin-right: 4%;\"><div class=\"fusion-column-wrapper fusion-column-has-shadow fusion-flex-column-wrapper-legacy\"><div class=\"fusion-title title fusion-title-3 fusion-sep-none fusion-title-text fusion-title-size-two\" style=\"--awb-margin-top-small:10px;--awb-margin-right-small:0px;--awb-margin-bottom-small:10px;--awb-margin-left-small:0px;\"><h2 class=\"fusion-title-heading title-heading-left fusion-responsive-typography-calculated\" style=\"margin:0;--fontSize:28;line-height:1.3;\">Milestones<\/h2><\/div><ul style=\"--awb-line-height:27.2px;--awb-icon-width:27.2px;--awb-icon-height:27.2px;--awb-icon-margin:11.2px;--awb-content-margin:38.4px;\" class=\"fusion-checklist fusion-checklist-4 fusion-checklist-default type-icons\"><li class=\"fusion-li-item\" style=\"\"><span class=\"icon-wrapper circle-no\"><i class=\"fusion-li-icon fa-caret-right fas\" aria-hidden=\"true\"><\/i><\/span><div class=\"fusion-li-item-content\">\n<p>Degree in Industrial Engineering and Management (TU Berlin), scholarship holder at ENPC (Paris) and UC Berkeley (MIB)<\/p>\n<\/div><\/li><li class=\"fusion-li-item\" style=\"\"><span class=\"icon-wrapper circle-no\"><i class=\"fusion-li-icon fa-caret-right fas\" aria-hidden=\"true\"><\/i><\/span><div class=\"fusion-li-item-content\">\n<p>Responsible for the capital goods industry segment at IDS Scheer Switzerland, actively supporting the establishment of the Swiss subsidiary with a focus on process optimization, holistic process management, and IT implementation<\/p>\n<\/div><\/li><li class=\"fusion-li-item\" style=\"\"><span class=\"icon-wrapper circle-no\"><i class=\"fusion-li-icon fa-caret-right fas\" aria-hidden=\"true\"><\/i><\/span><div class=\"fusion-li-item-content\">\n<p>Associate Partner at Malik Management with a focus on strategy development, transformation, organizational anchoring, and leadership development, as well as facilitation of large-scale group workshops<\/p>\n<\/div><\/li><li class=\"fusion-li-item\" style=\"\"><span class=\"icon-wrapper circle-no\"><i class=\"fusion-li-icon fa-caret-right fas\" aria-hidden=\"true\"><\/i><\/span><div class=\"fusion-li-item-content\">\n<p>Senior Manager at BearingPoint, concentrating on the development of digital and platformbased business models<\/p>\n<\/div><\/li><li class=\"fusion-li-item\" style=\"\"><span class=\"icon-wrapper circle-no\"><i class=\"fusion-li-icon fa-caret-right fas\" aria-hidden=\"true\"><\/i><\/span><div class=\"fusion-li-item-content\">\n<p>Member of the Management Team &amp; Principal at Strategy Engineers, focusing on strategy development, market and technology studies, strategic due diligence, brand and product positioning, product development process \/ time-to-market optimization, product cost optimization, as well as operational performance improvement audits<\/p>\n<\/div><\/li><\/ul><div class=\"fusion-clearfix\"><\/div><\/div><\/div><div class=\"fusion-layout-column fusion_builder_column fusion-builder-column-5 fusion_builder_column_1_3 1_3 fusion-one-third fusion-column-last\" style=\"--awb-bg-size:cover;width:33.333333333333%;width:calc(33.333333333333% - ( ( 4% + 4% ) * 0.33333333333333 ) );\"><div class=\"fusion-column-wrapper fusion-column-has-shadow fusion-flex-column-wrapper-legacy\"><div class=\"fusion-title title fusion-title-4 fusion-sep-none fusion-title-text fusion-title-size-two\" style=\"--awb-margin-top-small:10px;--awb-margin-right-small:0px;--awb-margin-bottom-small:10px;--awb-margin-left-small:0px;\"><h2 class=\"fusion-title-heading title-heading-left fusion-responsive-typography-calculated\" style=\"margin:0;--fontSize:28;line-height:1.3;\">Project experience<\/h2><\/div><ul style=\"--awb-line-height:27.2px;--awb-icon-width:27.2px;--awb-icon-height:27.2px;--awb-icon-margin:11.2px;--awb-content-margin:38.4px;\" class=\"fusion-checklist fusion-checklist-5 fusion-checklist-default type-icons\"><li class=\"fusion-li-item\" style=\"\"><span class=\"icon-wrapper circle-no\"><i class=\"fusion-li-icon fa-caret-right fas\" aria-hidden=\"true\"><\/i><\/span><div class=\"fusion-li-item-content\">\n<p>ABB<\/p>\n<\/div><\/li><li class=\"fusion-li-item\" style=\"\"><span class=\"icon-wrapper circle-no\"><i class=\"fusion-li-icon fa-caret-right fas\" aria-hidden=\"true\"><\/i><\/span><div class=\"fusion-li-item-content\">\n<p>BMW<\/p>\n<\/div><\/li><li class=\"fusion-li-item\" style=\"\"><span class=\"icon-wrapper circle-no\"><i class=\"fusion-li-icon fa-caret-right fas\" aria-hidden=\"true\"><\/i><\/span><div class=\"fusion-li-item-content\">\n<p>Daimler TSS<\/p>\n<\/div><\/li><li class=\"fusion-li-item\" style=\"\"><span class=\"icon-wrapper circle-no\"><i class=\"fusion-li-icon fa-caret-right fas\" aria-hidden=\"true\"><\/i><\/span><div class=\"fusion-li-item-content\">\n<p>Deutsche Bahn<\/p>\n<\/div><\/li><li class=\"fusion-li-item\" style=\"\"><span class=\"icon-wrapper circle-no\"><i class=\"fusion-li-icon fa-caret-right fas\" aria-hidden=\"true\"><\/i><\/span><div class=\"fusion-li-item-content\">\n<p>European Commission<\/p>\n<\/div><\/li><li class=\"fusion-li-item\" style=\"\"><span class=\"icon-wrapper circle-no\"><i class=\"fusion-li-icon fa-caret-right fas\" aria-hidden=\"true\"><\/i><\/span><div class=\"fusion-li-item-content\">\n<p>Fortaco<\/p>\n<\/div><\/li><li class=\"fusion-li-item\" style=\"\"><span class=\"icon-wrapper circle-no\"><i class=\"fusion-li-icon fa-caret-right fas\" aria-hidden=\"true\"><\/i><\/span><div class=\"fusion-li-item-content\">\n<p>KION<\/p>\n<\/div><\/li><li class=\"fusion-li-item\" style=\"\"><span class=\"icon-wrapper circle-no\"><i class=\"fusion-li-icon fa-caret-right fas\" aria-hidden=\"true\"><\/i><\/span><div class=\"fusion-li-item-content\">\n<p>Liebherr<\/p>\n<\/div><\/li><li class=\"fusion-li-item\" style=\"\"><span class=\"icon-wrapper circle-no\"><i class=\"fusion-li-icon fa-caret-right fas\" aria-hidden=\"true\"><\/i><\/span><div class=\"fusion-li-item-content\">\n<p>MAN<\/p>\n<\/div><\/li><li class=\"fusion-li-item\" style=\"\"><span class=\"icon-wrapper circle-no\"><i class=\"fusion-li-icon fa-caret-right fas\" aria-hidden=\"true\"><\/i><\/span><div class=\"fusion-li-item-content\">\n<p>Nissan<\/p>\n<\/div><\/li><li class=\"fusion-li-item\" style=\"\"><span class=\"icon-wrapper circle-no\"><i class=\"fusion-li-icon fa-caret-right fas\" aria-hidden=\"true\"><\/i><\/span><div class=\"fusion-li-item-content\">\n<p>Renault<\/p>\n<\/div><\/li><li class=\"fusion-li-item\" style=\"\"><span class=\"icon-wrapper circle-no\"><i class=\"fusion-li-icon fa-caret-right fas\" aria-hidden=\"true\"><\/i><\/span><div class=\"fusion-li-item-content\">\n<p>Rolls Royce Solutions<\/p>\n<\/div><\/li><li class=\"fusion-li-item\" style=\"\"><span class=\"icon-wrapper circle-no\"><i class=\"fusion-li-icon fa-caret-right fas\" aria-hidden=\"true\"><\/i><\/span><div class=\"fusion-li-item-content\">\n<p>Siemens Gamesa<\/p>\n<\/div><\/li><li class=\"fusion-li-item\" style=\"\"><span class=\"icon-wrapper circle-no\"><i class=\"fusion-li-icon fa-caret-right fas\" aria-hidden=\"true\"><\/i><\/span><div class=\"fusion-li-item-content\">\n<p>Volkswagen<\/p>\n<\/div><\/li><li class=\"fusion-li-item\" style=\"\"><span class=\"icon-wrapper circle-no\"><i class=\"fusion-li-icon fa-caret-right fas\" aria-hidden=\"true\"><\/i><\/span><div class=\"fusion-li-item-content\">\n<p>and many more<\/p>\n<\/div><\/li><\/ul><div class=\"fusion-clearfix\"><\/div><\/div><\/div><\/div><\/div><\/p>\n","protected":false},"excerpt":{"rendered":"","protected":false},"author":4,"featured_media":0,"parent":1174,"menu_order":0,"comment_status":"closed","ping_status":"closed","template":"100-width.php","meta":{"footnotes":""},"class_list":["post-4199","page","type-page","status-publish","hentry"],"yoast_head":"<!-- This site is optimized with the Yoast SEO plugin v27.2 - https:\/\/yoast.com\/product\/yoast-seo-wordpress\/ -->\n<title>Arndt von Gregory - MESG<\/title>\n<meta name=\"description\" content=\"MESG = Management Experts St. Gallen. Dies steht f\u00fcr einen Verbund von unabh\u00e4ngigen, erfolgreichen Beratern, Trainern und Coaches f\u00fcr Management-Themen.\" \/>\n<meta name=\"robots\" content=\"index, follow, max-snippet:-1, max-image-preview:large, max-video-preview:-1\" \/>\n<link rel=\"canonical\" href=\"https:\/\/mesg.ch\/en\/experten-2\/arndt-von-gregory2\/\" \/>\n<meta property=\"og:locale\" content=\"en_US\" \/>\n<meta property=\"og:type\" content=\"article\" \/>\n<meta property=\"og:title\" content=\"Arndt von Gregory - MESG\" \/>\n<meta property=\"og:description\" content=\"MESG = Management Experts St. Gallen. Dies steht f\u00fcr einen Verbund von unabh\u00e4ngigen, erfolgreichen Beratern, Trainern und Coaches f\u00fcr Management-Themen.\" \/>\n<meta property=\"og:url\" content=\"https:\/\/mesg.ch\/en\/experten-2\/arndt-von-gregory2\/\" \/>\n<meta property=\"og:site_name\" content=\"MESG\" \/>\n<meta name=\"twitter:card\" content=\"summary_large_image\" \/>\n<meta name=\"twitter:label1\" content=\"Est. reading time\" \/>\n\t<meta name=\"twitter:data1\" content=\"3 minutes\" \/>\n<script type=\"application\/ld+json\" class=\"yoast-schema-graph\">{\"@context\":\"https:\/\/schema.org\",\"@graph\":[{\"@type\":\"WebPage\",\"@id\":\"https:\/\/mesg.ch\/en\/experten-2\/arndt-von-gregory2\/\",\"url\":\"https:\/\/mesg.ch\/en\/experten-2\/arndt-von-gregory2\/\",\"name\":\"Arndt von Gregory - MESG\",\"isPartOf\":{\"@id\":\"https:\/\/mesg.ch\/#website\"},\"datePublished\":\"2026-03-12T15:44:53+00:00\",\"description\":\"MESG = Management Experts St. Gallen. Dies steht f\u00fcr einen Verbund von unabh\u00e4ngigen, erfolgreichen Beratern, Trainern und Coaches f\u00fcr Management-Themen.\",\"breadcrumb\":{\"@id\":\"https:\/\/mesg.ch\/en\/experten-2\/arndt-von-gregory2\/#breadcrumb\"},\"inLanguage\":\"en-US\",\"potentialAction\":[{\"@type\":\"ReadAction\",\"target\":[\"https:\/\/mesg.ch\/en\/experten-2\/arndt-von-gregory2\/\"]}]},{\"@type\":\"BreadcrumbList\",\"@id\":\"https:\/\/mesg.ch\/en\/experten-2\/arndt-von-gregory2\/#breadcrumb\",\"itemListElement\":[{\"@type\":\"ListItem\",\"position\":1,\"name\":\"Startseite\",\"item\":\"https:\/\/mesg.ch\/en\/\"},{\"@type\":\"ListItem\",\"position\":2,\"name\":\"Experten\",\"item\":\"https:\/\/mesg.ch\/en\/experten-2\/\"},{\"@type\":\"ListItem\",\"position\":3,\"name\":\"Arndt von Gregory\"}]},{\"@type\":\"WebSite\",\"@id\":\"https:\/\/mesg.ch\/#website\",\"url\":\"https:\/\/mesg.ch\/\",\"name\":\"MESG\",\"description\":\"Management Experts St. Gallen\",\"publisher\":{\"@id\":\"https:\/\/mesg.ch\/#organization\"},\"potentialAction\":[{\"@type\":\"SearchAction\",\"target\":{\"@type\":\"EntryPoint\",\"urlTemplate\":\"https:\/\/mesg.ch\/?s={search_term_string}\"},\"query-input\":{\"@type\":\"PropertyValueSpecification\",\"valueRequired\":true,\"valueName\":\"search_term_string\"}}],\"inLanguage\":\"en-US\"},{\"@type\":\"Organization\",\"@id\":\"https:\/\/mesg.ch\/#organization\",\"name\":\"Management Experts St. Gallen GmbH\",\"url\":\"https:\/\/mesg.ch\/\",\"logo\":{\"@type\":\"ImageObject\",\"inLanguage\":\"en-US\",\"@id\":\"https:\/\/mesg.ch\/#\/schema\/logo\/image\/\",\"url\":\"https:\/\/mesg.ch\/wp-content\/uploads\/2020\/05\/mesg-logo-500.png\",\"contentUrl\":\"https:\/\/mesg.ch\/wp-content\/uploads\/2020\/05\/mesg-logo-500.png\",\"width\":500,\"height\":275,\"caption\":\"Management Experts St. Gallen GmbH\"},\"image\":{\"@id\":\"https:\/\/mesg.ch\/#\/schema\/logo\/image\/\"},\"sameAs\":[\"https:\/\/www.linkedin.com\/company\/mesg-management-experts-st-gallen\/?viewAsMember=true\"]}]}<\/script>\n<!-- \/ Yoast SEO plugin. -->","yoast_head_json":{"title":"Arndt von Gregory - MESG","description":"MESG = Management Experts St. Gallen. Dies steht f\u00fcr einen Verbund von unabh\u00e4ngigen, erfolgreichen Beratern, Trainern und Coaches f\u00fcr Management-Themen.","robots":{"index":"index","follow":"follow","max-snippet":"max-snippet:-1","max-image-preview":"max-image-preview:large","max-video-preview":"max-video-preview:-1"},"canonical":"https:\/\/mesg.ch\/en\/experten-2\/arndt-von-gregory2\/","og_locale":"en_US","og_type":"article","og_title":"Arndt von Gregory - MESG","og_description":"MESG = Management Experts St. Gallen. Dies steht f\u00fcr einen Verbund von unabh\u00e4ngigen, erfolgreichen Beratern, Trainern und Coaches f\u00fcr Management-Themen.","og_url":"https:\/\/mesg.ch\/en\/experten-2\/arndt-von-gregory2\/","og_site_name":"MESG","twitter_card":"summary_large_image","twitter_misc":{"Est. reading time":"3 minutes"},"schema":{"@context":"https:\/\/schema.org","@graph":[{"@type":"WebPage","@id":"https:\/\/mesg.ch\/en\/experten-2\/arndt-von-gregory2\/","url":"https:\/\/mesg.ch\/en\/experten-2\/arndt-von-gregory2\/","name":"Arndt von Gregory - MESG","isPartOf":{"@id":"https:\/\/mesg.ch\/#website"},"datePublished":"2026-03-12T15:44:53+00:00","description":"MESG = Management Experts St. Gallen. Dies steht f\u00fcr einen Verbund von unabh\u00e4ngigen, erfolgreichen Beratern, Trainern und Coaches f\u00fcr Management-Themen.","breadcrumb":{"@id":"https:\/\/mesg.ch\/en\/experten-2\/arndt-von-gregory2\/#breadcrumb"},"inLanguage":"en-US","potentialAction":[{"@type":"ReadAction","target":["https:\/\/mesg.ch\/en\/experten-2\/arndt-von-gregory2\/"]}]},{"@type":"BreadcrumbList","@id":"https:\/\/mesg.ch\/en\/experten-2\/arndt-von-gregory2\/#breadcrumb","itemListElement":[{"@type":"ListItem","position":1,"name":"Startseite","item":"https:\/\/mesg.ch\/en\/"},{"@type":"ListItem","position":2,"name":"Experten","item":"https:\/\/mesg.ch\/en\/experten-2\/"},{"@type":"ListItem","position":3,"name":"Arndt von Gregory"}]},{"@type":"WebSite","@id":"https:\/\/mesg.ch\/#website","url":"https:\/\/mesg.ch\/","name":"MESG","description":"Management Experts St. Gallen","publisher":{"@id":"https:\/\/mesg.ch\/#organization"},"potentialAction":[{"@type":"SearchAction","target":{"@type":"EntryPoint","urlTemplate":"https:\/\/mesg.ch\/?s={search_term_string}"},"query-input":{"@type":"PropertyValueSpecification","valueRequired":true,"valueName":"search_term_string"}}],"inLanguage":"en-US"},{"@type":"Organization","@id":"https:\/\/mesg.ch\/#organization","name":"Management Experts St. Gallen GmbH","url":"https:\/\/mesg.ch\/","logo":{"@type":"ImageObject","inLanguage":"en-US","@id":"https:\/\/mesg.ch\/#\/schema\/logo\/image\/","url":"https:\/\/mesg.ch\/wp-content\/uploads\/2020\/05\/mesg-logo-500.png","contentUrl":"https:\/\/mesg.ch\/wp-content\/uploads\/2020\/05\/mesg-logo-500.png","width":500,"height":275,"caption":"Management Experts St. Gallen GmbH"},"image":{"@id":"https:\/\/mesg.ch\/#\/schema\/logo\/image\/"},"sameAs":["https:\/\/www.linkedin.com\/company\/mesg-management-experts-st-gallen\/?viewAsMember=true"]}]}},"_links":{"self":[{"href":"https:\/\/mesg.ch\/en\/wp-json\/wp\/v2\/pages\/4199","targetHints":{"allow":["GET"]}}],"collection":[{"href":"https:\/\/mesg.ch\/en\/wp-json\/wp\/v2\/pages"}],"about":[{"href":"https:\/\/mesg.ch\/en\/wp-json\/wp\/v2\/types\/page"}],"author":[{"embeddable":true,"href":"https:\/\/mesg.ch\/en\/wp-json\/wp\/v2\/users\/4"}],"replies":[{"embeddable":true,"href":"https:\/\/mesg.ch\/en\/wp-json\/wp\/v2\/comments?post=4199"}],"version-history":[{"count":2,"href":"https:\/\/mesg.ch\/en\/wp-json\/wp\/v2\/pages\/4199\/revisions"}],"predecessor-version":[{"id":4216,"href":"https:\/\/mesg.ch\/en\/wp-json\/wp\/v2\/pages\/4199\/revisions\/4216"}],"up":[{"embeddable":true,"href":"https:\/\/mesg.ch\/en\/wp-json\/wp\/v2\/pages\/1174"}],"wp:attachment":[{"href":"https:\/\/mesg.ch\/en\/wp-json\/wp\/v2\/media?parent=4199"}],"curies":[{"name":"wp","href":"https:\/\/api.w.org\/{rel}","templated":true}]}}